{"id":9203,"date":"2022-04-13T08:36:01","date_gmt":"2022-04-13T08:36:01","guid":{"rendered":"https:\/\/www.madblue.es\/?page_id=9203"},"modified":"2025-10-24T13:49:41","modified_gmt":"2025-10-24T13:49:41","slug":"premios-madblue","status":"publish","type":"page","link":"https:\/\/madblue.es\/es\/premios-madblue\/","title":{"rendered":"Premios MadBlue"},"content":{"rendered":"","protected":false},"excerpt":{"rendered":"","protected":false},"author":2,"featured_media":0,"parent":0,"menu_order":56,"comment_status":"closed","ping_status":"closed","template":"","meta":{"_acf_changed":false,"_monsterinsights_skip_tracking":false,"_monsterinsights_sitenote_active":false,"_monsterinsights_sitenote_note":"","_monsterinsights_sitenote_category":0,"_has_post_settings":[],"footnotes":""},"hashtags":[],"class_list":["post-9203","page","type-page","status-publish","hentry"],"acf":[],"yoast_head":"<!-- This site is optimized with the Yoast SEO plugin v27.2 - https:\/\/yoast.com\/product\/yoast-seo-wordpress\/ -->\n<title>Premios MadBlue - De Madrid a los Oc\u00e9anos<\/title>\n<meta name=\"description\" content=\"Como cada a\u00f1o, MadBlue reconoce a las personas, empresas e instituciones que destacan por su impacto en los \u00e1mbitos empresarial, acad\u00e9mico, deportivo, art\u00edstico y cient\u00edfico.Estos prestigiosos reconocimientos, convocados anualmente desde 2021 por la Fundaci\u00f3n Piel de At\u00fan a trav\u00e9s de MadBlue, premian la excelencia y el compromiso con la innovaci\u00f3n y el progreso en diferentes disciplinas.\" \/>\n<meta name=\"robots\" content=\"index, follow, max-snippet:-1, max-image-preview:large, max-video-preview:-1\" \/>\n<link rel=\"canonical\" href=\"https:\/\/madblue.es\/es\/premios-madblue\/\" \/>\n<meta property=\"og:locale\" content=\"es_ES\" \/>\n<meta property=\"og:type\" content=\"article\" \/>\n<meta property=\"og:title\" content=\"Premios MadBlue - De Madrid a los Oc\u00e9anos\" \/>\n<meta property=\"og:description\" content=\"Como cada a\u00f1o, MadBlue reconoce a las personas, empresas e instituciones que destacan por su impacto en los \u00e1mbitos empresarial, acad\u00e9mico, deportivo, art\u00edstico y cient\u00edfico.Estos prestigiosos reconocimientos, convocados anualmente desde 2021 por la Fundaci\u00f3n Piel de At\u00fan a trav\u00e9s de MadBlue, premian la excelencia y el compromiso con la innovaci\u00f3n y el progreso en diferentes disciplinas.\" \/>\n<meta property=\"og:url\" content=\"https:\/\/madblue.es\/es\/premios-madblue\/\" \/>\n<meta property=\"og:site_name\" content=\"MadBlue\" \/>\n<meta property=\"article:modified_time\" content=\"2025-10-24T13:49:41+00:00\" \/>\n<meta name=\"twitter:card\" content=\"summary_large_image\" \/>\n<script type=\"application\/ld+json\" class=\"yoast-schema-graph\">{\"@context\":\"https:\/\/schema.org\",\"@graph\":[{\"@type\":\"WebPage\",\"@id\":\"https:\/\/madblue.es\/es\/premios-madblue\/\",\"url\":\"https:\/\/madblue.es\/es\/premios-madblue\/\",\"name\":\"Premios MadBlue - De Madrid a los Oc\u00e9anos\",\"isPartOf\":{\"@id\":\"https:\/\/madblue.es\/es\/#website\"},\"datePublished\":\"2022-04-13T08:36:01+00:00\",\"dateModified\":\"2025-10-24T13:49:41+00:00\",\"description\":\"Como cada a\u00f1o, MadBlue reconoce a las personas, empresas e instituciones que destacan por su impacto en los \u00e1mbitos empresarial, acad\u00e9mico, deportivo, art\u00edstico y cient\u00edfico.Estos prestigiosos reconocimientos, convocados anualmente desde 2021 por la Fundaci\u00f3n Piel de At\u00fan a trav\u00e9s de MadBlue, premian la excelencia y el compromiso con la innovaci\u00f3n y el progreso en diferentes disciplinas.\",\"breadcrumb\":{\"@id\":\"https:\/\/madblue.es\/es\/premios-madblue\/#breadcrumb\"},\"inLanguage\":\"es\",\"potentialAction\":[{\"@type\":\"ReadAction\",\"target\":[\"https:\/\/madblue.es\/es\/premios-madblue\/\"]}]},{\"@type\":\"BreadcrumbList\",\"@id\":\"https:\/\/madblue.es\/es\/premios-madblue\/#breadcrumb\",\"itemListElement\":[{\"@type\":\"ListItem\",\"position\":1,\"name\":\"Portada\",\"item\":\"https:\/\/madblue.es\/es\/\"},{\"@type\":\"ListItem\",\"position\":2,\"name\":\"Premios MadBlue\"}]},{\"@type\":\"WebSite\",\"@id\":\"https:\/\/madblue.es\/es\/#website\",\"url\":\"https:\/\/madblue.es\/es\/\",\"name\":\"MadBlue\",\"description\":\"\",\"potentialAction\":[{\"@type\":\"SearchAction\",\"target\":{\"@type\":\"EntryPoint\",\"urlTemplate\":\"https:\/\/madblue.es\/es\/?s={search_term_string}\"},\"query-input\":{\"@type\":\"PropertyValueSpecification\",\"valueRequired\":true,\"valueName\":\"search_term_string\"}}],\"inLanguage\":\"es\"}]}<\/script>\n<!-- \/ Yoast SEO plugin. -->","yoast_head_json":{"title":"Premios MadBlue - De Madrid a los Oc\u00e9anos","description":"Como cada a\u00f1o, MadBlue reconoce a las personas, empresas e instituciones que destacan por su impacto en los \u00e1mbitos empresarial, acad\u00e9mico, deportivo, art\u00edstico y cient\u00edfico.Estos prestigiosos reconocimientos, convocados anualmente desde 2021 por la Fundaci\u00f3n Piel de At\u00fan a trav\u00e9s de MadBlue, premian la excelencia y el compromiso con la innovaci\u00f3n y el progreso en diferentes disciplinas.","robots":{"index":"index","follow":"follow","max-snippet":"max-snippet:-1","max-image-preview":"max-image-preview:large","max-video-preview":"max-video-preview:-1"},"canonical":"https:\/\/madblue.es\/es\/premios-madblue\/","og_locale":"es_ES","og_type":"article","og_title":"Premios MadBlue - De Madrid a los Oc\u00e9anos","og_description":"Como cada a\u00f1o, MadBlue reconoce a las personas, empresas e instituciones que destacan por su impacto en los \u00e1mbitos empresarial, acad\u00e9mico, deportivo, art\u00edstico y cient\u00edfico.Estos prestigiosos reconocimientos, convocados anualmente desde 2021 por la Fundaci\u00f3n Piel de At\u00fan a trav\u00e9s de MadBlue, premian la excelencia y el compromiso con la innovaci\u00f3n y el progreso en diferentes disciplinas.","og_url":"https:\/\/madblue.es\/es\/premios-madblue\/","og_site_name":"MadBlue","article_modified_time":"2025-10-24T13:49:41+00:00","twitter_card":"summary_large_image","schema":{"@context":"https:\/\/schema.org","@graph":[{"@type":"WebPage","@id":"https:\/\/madblue.es\/es\/premios-madblue\/","url":"https:\/\/madblue.es\/es\/premios-madblue\/","name":"Premios MadBlue - De Madrid a los Oc\u00e9anos","isPartOf":{"@id":"https:\/\/madblue.es\/es\/#website"},"datePublished":"2022-04-13T08:36:01+00:00","dateModified":"2025-10-24T13:49:41+00:00","description":"Como cada a\u00f1o, MadBlue reconoce a las personas, empresas e instituciones que destacan por su impacto en los \u00e1mbitos empresarial, acad\u00e9mico, deportivo, art\u00edstico y cient\u00edfico.Estos prestigiosos reconocimientos, convocados anualmente desde 2021 por la Fundaci\u00f3n Piel de At\u00fan a trav\u00e9s de MadBlue, premian la excelencia y el compromiso con la innovaci\u00f3n y el progreso en diferentes disciplinas.","breadcrumb":{"@id":"https:\/\/madblue.es\/es\/premios-madblue\/#breadcrumb"},"inLanguage":"es","potentialAction":[{"@type":"ReadAction","target":["https:\/\/madblue.es\/es\/premios-madblue\/"]}]},{"@type":"BreadcrumbList","@id":"https:\/\/madblue.es\/es\/premios-madblue\/#breadcrumb","itemListElement":[{"@type":"ListItem","position":1,"name":"Portada","item":"https:\/\/madblue.es\/es\/"},{"@type":"ListItem","position":2,"name":"Premios MadBlue"}]},{"@type":"WebSite","@id":"https:\/\/madblue.es\/es\/#website","url":"https:\/\/madblue.es\/es\/","name":"MadBlue","description":"","potentialAction":[{"@type":"SearchAction","target":{"@type":"EntryPoint","urlTemplate":"https:\/\/madblue.es\/es\/?s={search_term_string}"},"query-input":{"@type":"PropertyValueSpecification","valueRequired":true,"valueName":"search_term_string"}}],"inLanguage":"es"}]}},"_links":{"self":[{"href":"https:\/\/madblue.es\/es\/wp-json\/wp\/v2\/pages\/9203","targetHints":{"allow":["GET"]}}],"collection":[{"href":"https:\/\/madblue.es\/es\/wp-json\/wp\/v2\/pages"}],"about":[{"href":"https:\/\/madblue.es\/es\/wp-json\/wp\/v2\/types\/page"}],"author":[{"embeddable":true,"href":"https:\/\/madblue.es\/es\/wp-json\/wp\/v2\/users\/2"}],"replies":[{"embeddable":true,"href":"https:\/\/madblue.es\/es\/wp-json\/wp\/v2\/comments?post=9203"}],"version-history":[{"count":0,"href":"https:\/\/madblue.es\/es\/wp-json\/wp\/v2\/pages\/9203\/revisions"}],"wp:attachment":[{"href":"https:\/\/madblue.es\/es\/wp-json\/wp\/v2\/media?parent=9203"}],"wp:term":[{"taxonomy":"hashtags","embeddable":true,"href":"https:\/\/madblue.es\/es\/wp-json\/wp\/v2\/hashtags?post=9203"}],"curies":[{"name":"wp","href":"https:\/\/api.w.org\/{rel}","templated":true}]}}