{"id":7944,"date":"2022-01-19T17:03:23","date_gmt":"2022-01-19T17:03:23","guid":{"rendered":"https:\/\/www.madblue.es\/?page_id=7944"},"modified":"2025-03-25T11:42:30","modified_gmt":"2025-03-25T11:42:30","slug":"arte","status":"publish","type":"page","link":"https:\/\/madblue.es\/es\/arte\/","title":{"rendered":"Arte y Cultura"},"content":{"rendered":"","protected":false},"excerpt":{"rendered":"","protected":false},"author":2,"featured_media":0,"parent":0,"menu_order":44,"comment_status":"closed","ping_status":"closed","template":"","meta":{"_acf_changed":false,"_monsterinsights_skip_tracking":false,"_monsterinsights_sitenote_active":false,"_monsterinsights_sitenote_note":"","_monsterinsights_sitenote_category":0,"_has_post_settings":[],"footnotes":""},"hashtags":[],"class_list":["post-7944","page","type-page","status-publish","hentry"],"acf":[],"yoast_head":"<!-- This site is optimized with the Yoast SEO plugin v27.2 - https:\/\/yoast.com\/product\/yoast-seo-wordpress\/ -->\n<title>Arte y Cultura - MadBlue<\/title>\n<meta name=\"description\" content=\"El arte y los procesos creativos tienen el reto de generar cambios positivos desde una perspectiva \u00e9tica y responsable. En MadBlue las artes se asocian con el dise\u00f1o, la arquitectura, la innovaci\u00f3n o la ciencia para resultar verdaderamente transformadoras. Las propuestas art\u00edsticas de MadBlue nos recuerdan una cosa: nos acercamos a ver una obra de arte no tanto para ver la obra en s\u00ed, sino el mundo a trav\u00e9s de la obra.\" \/>\n<meta name=\"robots\" content=\"index, follow, max-snippet:-1, max-image-preview:large, max-video-preview:-1\" \/>\n<link rel=\"canonical\" href=\"https:\/\/madblue.es\/es\/arte\/\" \/>\n<meta property=\"og:locale\" content=\"es_ES\" \/>\n<meta property=\"og:type\" content=\"article\" \/>\n<meta property=\"og:title\" content=\"Arte y Cultura - MadBlue\" \/>\n<meta property=\"og:description\" content=\"El arte y los procesos creativos tienen el reto de generar cambios positivos desde una perspectiva \u00e9tica y responsable. En MadBlue las artes se asocian con el dise\u00f1o, la arquitectura, la innovaci\u00f3n o la ciencia para resultar verdaderamente transformadoras. Las propuestas art\u00edsticas de MadBlue nos recuerdan una cosa: nos acercamos a ver una obra de arte no tanto para ver la obra en s\u00ed, sino el mundo a trav\u00e9s de la obra.\" \/>\n<meta property=\"og:url\" content=\"https:\/\/madblue.es\/es\/arte\/\" \/>\n<meta property=\"og:site_name\" content=\"MadBlue\" \/>\n<meta property=\"article:modified_time\" content=\"2025-03-25T11:42:30+00:00\" \/>\n<meta name=\"twitter:card\" content=\"summary_large_image\" \/>\n<script type=\"application\/ld+json\" class=\"yoast-schema-graph\">{\"@context\":\"https:\/\/schema.org\",\"@graph\":[{\"@type\":\"WebPage\",\"@id\":\"https:\/\/madblue.es\/es\/arte\/\",\"url\":\"https:\/\/madblue.es\/es\/arte\/\",\"name\":\"Arte y Cultura - MadBlue\",\"isPartOf\":{\"@id\":\"https:\/\/madblue.es\/es\/#website\"},\"datePublished\":\"2022-01-19T17:03:23+00:00\",\"dateModified\":\"2025-03-25T11:42:30+00:00\",\"description\":\"El arte y los procesos creativos tienen el reto de generar cambios positivos desde una perspectiva \u00e9tica y responsable. En MadBlue las artes se asocian con el dise\u00f1o, la arquitectura, la innovaci\u00f3n o la ciencia para resultar verdaderamente transformadoras. Las propuestas art\u00edsticas de MadBlue nos recuerdan una cosa: nos acercamos a ver una obra de arte no tanto para ver la obra en s\u00ed, sino el mundo a trav\u00e9s de la obra.\",\"breadcrumb\":{\"@id\":\"https:\/\/madblue.es\/es\/arte\/#breadcrumb\"},\"inLanguage\":\"es\",\"potentialAction\":[{\"@type\":\"ReadAction\",\"target\":[\"https:\/\/madblue.es\/es\/arte\/\"]}]},{\"@type\":\"BreadcrumbList\",\"@id\":\"https:\/\/madblue.es\/es\/arte\/#breadcrumb\",\"itemListElement\":[{\"@type\":\"ListItem\",\"position\":1,\"name\":\"Portada\",\"item\":\"https:\/\/madblue.es\/es\/\"},{\"@type\":\"ListItem\",\"position\":2,\"name\":\"Arte y Cultura\"}]},{\"@type\":\"WebSite\",\"@id\":\"https:\/\/madblue.es\/es\/#website\",\"url\":\"https:\/\/madblue.es\/es\/\",\"name\":\"MadBlue\",\"description\":\"\",\"potentialAction\":[{\"@type\":\"SearchAction\",\"target\":{\"@type\":\"EntryPoint\",\"urlTemplate\":\"https:\/\/madblue.es\/es\/?s={search_term_string}\"},\"query-input\":{\"@type\":\"PropertyValueSpecification\",\"valueRequired\":true,\"valueName\":\"search_term_string\"}}],\"inLanguage\":\"es\"}]}<\/script>\n<!-- \/ Yoast SEO plugin. -->","yoast_head_json":{"title":"Arte y Cultura - MadBlue","description":"El arte y los procesos creativos tienen el reto de generar cambios positivos desde una perspectiva \u00e9tica y responsable. En MadBlue las artes se asocian con el dise\u00f1o, la arquitectura, la innovaci\u00f3n o la ciencia para resultar verdaderamente transformadoras. Las propuestas art\u00edsticas de MadBlue nos recuerdan una cosa: nos acercamos a ver una obra de arte no tanto para ver la obra en s\u00ed, sino el mundo a trav\u00e9s de la obra.","robots":{"index":"index","follow":"follow","max-snippet":"max-snippet:-1","max-image-preview":"max-image-preview:large","max-video-preview":"max-video-preview:-1"},"canonical":"https:\/\/madblue.es\/es\/arte\/","og_locale":"es_ES","og_type":"article","og_title":"Arte y Cultura - MadBlue","og_description":"El arte y los procesos creativos tienen el reto de generar cambios positivos desde una perspectiva \u00e9tica y responsable. En MadBlue las artes se asocian con el dise\u00f1o, la arquitectura, la innovaci\u00f3n o la ciencia para resultar verdaderamente transformadoras. Las propuestas art\u00edsticas de MadBlue nos recuerdan una cosa: nos acercamos a ver una obra de arte no tanto para ver la obra en s\u00ed, sino el mundo a trav\u00e9s de la obra.","og_url":"https:\/\/madblue.es\/es\/arte\/","og_site_name":"MadBlue","article_modified_time":"2025-03-25T11:42:30+00:00","twitter_card":"summary_large_image","schema":{"@context":"https:\/\/schema.org","@graph":[{"@type":"WebPage","@id":"https:\/\/madblue.es\/es\/arte\/","url":"https:\/\/madblue.es\/es\/arte\/","name":"Arte y Cultura - MadBlue","isPartOf":{"@id":"https:\/\/madblue.es\/es\/#website"},"datePublished":"2022-01-19T17:03:23+00:00","dateModified":"2025-03-25T11:42:30+00:00","description":"El arte y los procesos creativos tienen el reto de generar cambios positivos desde una perspectiva \u00e9tica y responsable. En MadBlue las artes se asocian con el dise\u00f1o, la arquitectura, la innovaci\u00f3n o la ciencia para resultar verdaderamente transformadoras. Las propuestas art\u00edsticas de MadBlue nos recuerdan una cosa: nos acercamos a ver una obra de arte no tanto para ver la obra en s\u00ed, sino el mundo a trav\u00e9s de la obra.","breadcrumb":{"@id":"https:\/\/madblue.es\/es\/arte\/#breadcrumb"},"inLanguage":"es","potentialAction":[{"@type":"ReadAction","target":["https:\/\/madblue.es\/es\/arte\/"]}]},{"@type":"BreadcrumbList","@id":"https:\/\/madblue.es\/es\/arte\/#breadcrumb","itemListElement":[{"@type":"ListItem","position":1,"name":"Portada","item":"https:\/\/madblue.es\/es\/"},{"@type":"ListItem","position":2,"name":"Arte y Cultura"}]},{"@type":"WebSite","@id":"https:\/\/madblue.es\/es\/#website","url":"https:\/\/madblue.es\/es\/","name":"MadBlue","description":"","potentialAction":[{"@type":"SearchAction","target":{"@type":"EntryPoint","urlTemplate":"https:\/\/madblue.es\/es\/?s={search_term_string}"},"query-input":{"@type":"PropertyValueSpecification","valueRequired":true,"valueName":"search_term_string"}}],"inLanguage":"es"}]}},"_links":{"self":[{"href":"https:\/\/madblue.es\/es\/wp-json\/wp\/v2\/pages\/7944","targetHints":{"allow":["GET"]}}],"collection":[{"href":"https:\/\/madblue.es\/es\/wp-json\/wp\/v2\/pages"}],"about":[{"href":"https:\/\/madblue.es\/es\/wp-json\/wp\/v2\/types\/page"}],"author":[{"embeddable":true,"href":"https:\/\/madblue.es\/es\/wp-json\/wp\/v2\/users\/2"}],"replies":[{"embeddable":true,"href":"https:\/\/madblue.es\/es\/wp-json\/wp\/v2\/comments?post=7944"}],"version-history":[{"count":0,"href":"https:\/\/madblue.es\/es\/wp-json\/wp\/v2\/pages\/7944\/revisions"}],"wp:attachment":[{"href":"https:\/\/madblue.es\/es\/wp-json\/wp\/v2\/media?parent=7944"}],"wp:term":[{"taxonomy":"hashtags","embeddable":true,"href":"https:\/\/madblue.es\/es\/wp-json\/wp\/v2\/hashtags?post=7944"}],"curies":[{"name":"wp","href":"https:\/\/api.w.org\/{rel}","templated":true}]}}