{"id":20722,"date":"2025-07-01T15:05:16","date_gmt":"2025-07-01T15:05:16","guid":{"rendered":"https:\/\/madblue.es\/?page_id=20722"},"modified":"2025-10-24T13:42:55","modified_gmt":"2025-10-24T13:42:55","slug":"madblue-garage","status":"publish","type":"page","link":"https:\/\/madblue.es\/es\/summit\/madblue-garage\/","title":{"rendered":"MADBLUE GARAGE"},"content":{"rendered":"","protected":false},"excerpt":{"rendered":"","protected":false},"author":2,"featured_media":0,"parent":11357,"menu_order":1,"comment_status":"closed","ping_status":"closed","template":"","meta":{"_acf_changed":false,"_monsterinsights_skip_tracking":false,"_monsterinsights_sitenote_active":false,"_monsterinsights_sitenote_note":"","_monsterinsights_sitenote_category":0,"_has_post_settings":[],"footnotes":""},"hashtags":[],"class_list":["post-20722","page","type-page","status-publish","hentry"],"acf":[],"yoast_head":"<!-- This site is optimized with the Yoast SEO plugin v27.2 - https:\/\/yoast.com\/product\/yoast-seo-wordpress\/ -->\n<title>MADBLUE GARAGE - MadBlue<\/title>\n<meta name=\"description\" content=\"MadBlue Garage es el espacio de innovaci\u00f3n de MadBlue Innovation 2025, una experiencia \u00fanica dise\u00f1ada para impulsar ideas con potencial transformador desde su fase m\u00e1s inicial hasta su presentaci\u00f3n ante inversores.\" \/>\n<meta name=\"robots\" content=\"index, follow, max-snippet:-1, max-image-preview:large, max-video-preview:-1\" \/>\n<link rel=\"canonical\" href=\"https:\/\/madblue.es\/es\/summit\/madblue-garage\/\" \/>\n<meta property=\"og:locale\" content=\"es_ES\" \/>\n<meta property=\"og:type\" content=\"article\" \/>\n<meta property=\"og:title\" content=\"MADBLUE GARAGE - MadBlue\" \/>\n<meta property=\"og:description\" content=\"MadBlue Garage es el espacio de innovaci\u00f3n de MadBlue Innovation 2025, una experiencia \u00fanica dise\u00f1ada para impulsar ideas con potencial transformador desde su fase m\u00e1s inicial hasta su presentaci\u00f3n ante inversores.\" \/>\n<meta property=\"og:url\" content=\"https:\/\/madblue.es\/es\/summit\/madblue-garage\/\" \/>\n<meta property=\"og:site_name\" content=\"MadBlue\" \/>\n<meta property=\"article:modified_time\" content=\"2025-10-24T13:42:55+00:00\" \/>\n<meta name=\"twitter:card\" content=\"summary_large_image\" \/>\n<script type=\"application\/ld+json\" class=\"yoast-schema-graph\">{\"@context\":\"https:\/\/schema.org\",\"@graph\":[{\"@type\":\"WebPage\",\"@id\":\"https:\/\/madblue.es\/es\/summit\/madblue-garage\/\",\"url\":\"https:\/\/madblue.es\/es\/summit\/madblue-garage\/\",\"name\":\"MADBLUE GARAGE - MadBlue\",\"isPartOf\":{\"@id\":\"https:\/\/madblue.es\/es\/#website\"},\"datePublished\":\"2025-07-01T15:05:16+00:00\",\"dateModified\":\"2025-10-24T13:42:55+00:00\",\"description\":\"MadBlue Garage es el espacio de innovaci\u00f3n de MadBlue Innovation 2025, una experiencia \u00fanica dise\u00f1ada para impulsar ideas con potencial transformador desde su fase m\u00e1s inicial hasta su presentaci\u00f3n ante inversores.\",\"breadcrumb\":{\"@id\":\"https:\/\/madblue.es\/es\/summit\/madblue-garage\/#breadcrumb\"},\"inLanguage\":\"es\",\"potentialAction\":[{\"@type\":\"ReadAction\",\"target\":[\"https:\/\/madblue.es\/es\/summit\/madblue-garage\/\"]}]},{\"@type\":\"BreadcrumbList\",\"@id\":\"https:\/\/madblue.es\/es\/summit\/madblue-garage\/#breadcrumb\",\"itemListElement\":[{\"@type\":\"ListItem\",\"position\":1,\"name\":\"Portada\",\"item\":\"https:\/\/madblue.es\/es\/\"},{\"@type\":\"ListItem\",\"position\":2,\"name\":\"SUMMIT\",\"item\":\"https:\/\/madblue.es\/es\/summit\/\"},{\"@type\":\"ListItem\",\"position\":3,\"name\":\"MADBLUE GARAGE\"}]},{\"@type\":\"WebSite\",\"@id\":\"https:\/\/madblue.es\/es\/#website\",\"url\":\"https:\/\/madblue.es\/es\/\",\"name\":\"MadBlue\",\"description\":\"\",\"potentialAction\":[{\"@type\":\"SearchAction\",\"target\":{\"@type\":\"EntryPoint\",\"urlTemplate\":\"https:\/\/madblue.es\/es\/?s={search_term_string}\"},\"query-input\":{\"@type\":\"PropertyValueSpecification\",\"valueRequired\":true,\"valueName\":\"search_term_string\"}}],\"inLanguage\":\"es\"}]}<\/script>\n<!-- \/ Yoast SEO plugin. -->","yoast_head_json":{"title":"MADBLUE GARAGE - MadBlue","description":"MadBlue Garage es el espacio de innovaci\u00f3n de MadBlue Innovation 2025, una experiencia \u00fanica dise\u00f1ada para impulsar ideas con potencial transformador desde su fase m\u00e1s inicial hasta su presentaci\u00f3n ante inversores.","robots":{"index":"index","follow":"follow","max-snippet":"max-snippet:-1","max-image-preview":"max-image-preview:large","max-video-preview":"max-video-preview:-1"},"canonical":"https:\/\/madblue.es\/es\/summit\/madblue-garage\/","og_locale":"es_ES","og_type":"article","og_title":"MADBLUE GARAGE - MadBlue","og_description":"MadBlue Garage es el espacio de innovaci\u00f3n de MadBlue Innovation 2025, una experiencia \u00fanica dise\u00f1ada para impulsar ideas con potencial transformador desde su fase m\u00e1s inicial hasta su presentaci\u00f3n ante inversores.","og_url":"https:\/\/madblue.es\/es\/summit\/madblue-garage\/","og_site_name":"MadBlue","article_modified_time":"2025-10-24T13:42:55+00:00","twitter_card":"summary_large_image","schema":{"@context":"https:\/\/schema.org","@graph":[{"@type":"WebPage","@id":"https:\/\/madblue.es\/es\/summit\/madblue-garage\/","url":"https:\/\/madblue.es\/es\/summit\/madblue-garage\/","name":"MADBLUE GARAGE - MadBlue","isPartOf":{"@id":"https:\/\/madblue.es\/es\/#website"},"datePublished":"2025-07-01T15:05:16+00:00","dateModified":"2025-10-24T13:42:55+00:00","description":"MadBlue Garage es el espacio de innovaci\u00f3n de MadBlue Innovation 2025, una experiencia \u00fanica dise\u00f1ada para impulsar ideas con potencial transformador desde su fase m\u00e1s inicial hasta su presentaci\u00f3n ante inversores.","breadcrumb":{"@id":"https:\/\/madblue.es\/es\/summit\/madblue-garage\/#breadcrumb"},"inLanguage":"es","potentialAction":[{"@type":"ReadAction","target":["https:\/\/madblue.es\/es\/summit\/madblue-garage\/"]}]},{"@type":"BreadcrumbList","@id":"https:\/\/madblue.es\/es\/summit\/madblue-garage\/#breadcrumb","itemListElement":[{"@type":"ListItem","position":1,"name":"Portada","item":"https:\/\/madblue.es\/es\/"},{"@type":"ListItem","position":2,"name":"SUMMIT","item":"https:\/\/madblue.es\/es\/summit\/"},{"@type":"ListItem","position":3,"name":"MADBLUE GARAGE"}]},{"@type":"WebSite","@id":"https:\/\/madblue.es\/es\/#website","url":"https:\/\/madblue.es\/es\/","name":"MadBlue","description":"","potentialAction":[{"@type":"SearchAction","target":{"@type":"EntryPoint","urlTemplate":"https:\/\/madblue.es\/es\/?s={search_term_string}"},"query-input":{"@type":"PropertyValueSpecification","valueRequired":true,"valueName":"search_term_string"}}],"inLanguage":"es"}]}},"_links":{"self":[{"href":"https:\/\/madblue.es\/es\/wp-json\/wp\/v2\/pages\/20722","targetHints":{"allow":["GET"]}}],"collection":[{"href":"https:\/\/madblue.es\/es\/wp-json\/wp\/v2\/pages"}],"about":[{"href":"https:\/\/madblue.es\/es\/wp-json\/wp\/v2\/types\/page"}],"author":[{"embeddable":true,"href":"https:\/\/madblue.es\/es\/wp-json\/wp\/v2\/users\/2"}],"replies":[{"embeddable":true,"href":"https:\/\/madblue.es\/es\/wp-json\/wp\/v2\/comments?post=20722"}],"version-history":[{"count":0,"href":"https:\/\/madblue.es\/es\/wp-json\/wp\/v2\/pages\/20722\/revisions"}],"up":[{"embeddable":true,"href":"https:\/\/madblue.es\/es\/wp-json\/wp\/v2\/pages\/11357"}],"wp:attachment":[{"href":"https:\/\/madblue.es\/es\/wp-json\/wp\/v2\/media?parent=20722"}],"wp:term":[{"taxonomy":"hashtags","embeddable":true,"href":"https:\/\/madblue.es\/es\/wp-json\/wp\/v2\/hashtags?post=20722"}],"curies":[{"name":"wp","href":"https:\/\/api.w.org\/{rel}","templated":true}]}}