{"id":20112,"date":"2024-09-12T12:48:32","date_gmt":"2024-09-12T12:48:32","guid":{"rendered":"https:\/\/www.madblue.es\/?page_id=20112"},"modified":"2025-10-20T13:43:18","modified_gmt":"2025-10-20T13:43:18","slug":"madfood","status":"publish","type":"page","link":"https:\/\/madblue.es\/es\/madfood\/","title":{"rendered":"MadFood"},"content":{"rendered":"","protected":false},"excerpt":{"rendered":"","protected":false},"author":2,"featured_media":0,"parent":0,"menu_order":16,"comment_status":"closed","ping_status":"closed","template":"","meta":{"_acf_changed":false,"_monsterinsights_skip_tracking":false,"_monsterinsights_sitenote_active":false,"_monsterinsights_sitenote_note":"","_monsterinsights_sitenote_category":0,"_has_post_settings":[],"footnotes":""},"hashtags":[],"class_list":["post-20112","page","type-page","status-publish","hentry"],"acf":[],"yoast_head":"<!-- This site is optimized with the Yoast SEO plugin v27.2 - https:\/\/yoast.com\/product\/yoast-seo-wordpress\/ -->\n<title>MadFood - MadBlue<\/title>\n<meta name=\"description\" content=\"\u00a1Oye c\u00f3mo va! Disfruta de nuestra zona gastron\u00f3mica los d\u00edas 7 al 12 de octubre en el Azca, Tetun\" \/>\n<meta name=\"robots\" content=\"index, follow, max-snippet:-1, max-image-preview:large, max-video-preview:-1\" \/>\n<link rel=\"canonical\" href=\"https:\/\/madblue.es\/es\/madfood\/\" \/>\n<meta property=\"og:locale\" content=\"es_ES\" \/>\n<meta property=\"og:type\" content=\"article\" \/>\n<meta property=\"og:title\" content=\"MadFood - MadBlue\" \/>\n<meta property=\"og:description\" content=\"\u00a1Oye c\u00f3mo va! Disfruta de nuestra zona gastron\u00f3mica los d\u00edas 7 al 12 de octubre en el Azca, Tetun\" \/>\n<meta property=\"og:url\" content=\"https:\/\/madblue.es\/es\/madfood\/\" \/>\n<meta property=\"og:site_name\" content=\"MadBlue\" \/>\n<meta property=\"article:modified_time\" content=\"2025-10-20T13:43:18+00:00\" \/>\n<meta name=\"twitter:card\" content=\"summary_large_image\" \/>\n<script type=\"application\/ld+json\" class=\"yoast-schema-graph\">{\"@context\":\"https:\/\/schema.org\",\"@graph\":[{\"@type\":\"WebPage\",\"@id\":\"https:\/\/madblue.es\/es\/madfood\/\",\"url\":\"https:\/\/madblue.es\/es\/madfood\/\",\"name\":\"MadFood - MadBlue\",\"isPartOf\":{\"@id\":\"https:\/\/madblue.es\/es\/#website\"},\"datePublished\":\"2024-09-12T12:48:32+00:00\",\"dateModified\":\"2025-10-20T13:43:18+00:00\",\"description\":\"\u00a1Oye c\u00f3mo va! Disfruta de nuestra zona gastron\u00f3mica los d\u00edas 7 al 12 de octubre en el Azca, Tetun\",\"breadcrumb\":{\"@id\":\"https:\/\/madblue.es\/es\/madfood\/#breadcrumb\"},\"inLanguage\":\"es\",\"potentialAction\":[{\"@type\":\"ReadAction\",\"target\":[\"https:\/\/madblue.es\/es\/madfood\/\"]}]},{\"@type\":\"BreadcrumbList\",\"@id\":\"https:\/\/madblue.es\/es\/madfood\/#breadcrumb\",\"itemListElement\":[{\"@type\":\"ListItem\",\"position\":1,\"name\":\"Portada\",\"item\":\"https:\/\/madblue.es\/es\/\"},{\"@type\":\"ListItem\",\"position\":2,\"name\":\"MadFood\"}]},{\"@type\":\"WebSite\",\"@id\":\"https:\/\/madblue.es\/es\/#website\",\"url\":\"https:\/\/madblue.es\/es\/\",\"name\":\"MadBlue\",\"description\":\"\",\"potentialAction\":[{\"@type\":\"SearchAction\",\"target\":{\"@type\":\"EntryPoint\",\"urlTemplate\":\"https:\/\/madblue.es\/es\/?s={search_term_string}\"},\"query-input\":{\"@type\":\"PropertyValueSpecification\",\"valueRequired\":true,\"valueName\":\"search_term_string\"}}],\"inLanguage\":\"es\"}]}<\/script>\n<!-- \/ Yoast SEO plugin. -->","yoast_head_json":{"title":"MadFood - MadBlue","description":"\u00a1Oye c\u00f3mo va! Disfruta de nuestra zona gastron\u00f3mica los d\u00edas 7 al 12 de octubre en el Azca, Tetun","robots":{"index":"index","follow":"follow","max-snippet":"max-snippet:-1","max-image-preview":"max-image-preview:large","max-video-preview":"max-video-preview:-1"},"canonical":"https:\/\/madblue.es\/es\/madfood\/","og_locale":"es_ES","og_type":"article","og_title":"MadFood - MadBlue","og_description":"\u00a1Oye c\u00f3mo va! Disfruta de nuestra zona gastron\u00f3mica los d\u00edas 7 al 12 de octubre en el Azca, Tetun","og_url":"https:\/\/madblue.es\/es\/madfood\/","og_site_name":"MadBlue","article_modified_time":"2025-10-20T13:43:18+00:00","twitter_card":"summary_large_image","schema":{"@context":"https:\/\/schema.org","@graph":[{"@type":"WebPage","@id":"https:\/\/madblue.es\/es\/madfood\/","url":"https:\/\/madblue.es\/es\/madfood\/","name":"MadFood - MadBlue","isPartOf":{"@id":"https:\/\/madblue.es\/es\/#website"},"datePublished":"2024-09-12T12:48:32+00:00","dateModified":"2025-10-20T13:43:18+00:00","description":"\u00a1Oye c\u00f3mo va! Disfruta de nuestra zona gastron\u00f3mica los d\u00edas 7 al 12 de octubre en el Azca, Tetun","breadcrumb":{"@id":"https:\/\/madblue.es\/es\/madfood\/#breadcrumb"},"inLanguage":"es","potentialAction":[{"@type":"ReadAction","target":["https:\/\/madblue.es\/es\/madfood\/"]}]},{"@type":"BreadcrumbList","@id":"https:\/\/madblue.es\/es\/madfood\/#breadcrumb","itemListElement":[{"@type":"ListItem","position":1,"name":"Portada","item":"https:\/\/madblue.es\/es\/"},{"@type":"ListItem","position":2,"name":"MadFood"}]},{"@type":"WebSite","@id":"https:\/\/madblue.es\/es\/#website","url":"https:\/\/madblue.es\/es\/","name":"MadBlue","description":"","potentialAction":[{"@type":"SearchAction","target":{"@type":"EntryPoint","urlTemplate":"https:\/\/madblue.es\/es\/?s={search_term_string}"},"query-input":{"@type":"PropertyValueSpecification","valueRequired":true,"valueName":"search_term_string"}}],"inLanguage":"es"}]}},"_links":{"self":[{"href":"https:\/\/madblue.es\/es\/wp-json\/wp\/v2\/pages\/20112","targetHints":{"allow":["GET"]}}],"collection":[{"href":"https:\/\/madblue.es\/es\/wp-json\/wp\/v2\/pages"}],"about":[{"href":"https:\/\/madblue.es\/es\/wp-json\/wp\/v2\/types\/page"}],"author":[{"embeddable":true,"href":"https:\/\/madblue.es\/es\/wp-json\/wp\/v2\/users\/2"}],"replies":[{"embeddable":true,"href":"https:\/\/madblue.es\/es\/wp-json\/wp\/v2\/comments?post=20112"}],"version-history":[{"count":0,"href":"https:\/\/madblue.es\/es\/wp-json\/wp\/v2\/pages\/20112\/revisions"}],"wp:attachment":[{"href":"https:\/\/madblue.es\/es\/wp-json\/wp\/v2\/media?parent=20112"}],"wp:term":[{"taxonomy":"hashtags","embeddable":true,"href":"https:\/\/madblue.es\/es\/wp-json\/wp\/v2\/hashtags?post=20112"}],"curies":[{"name":"wp","href":"https:\/\/api.w.org\/{rel}","templated":true}]}}