{"id":18313,"date":"2024-02-09T00:29:28","date_gmt":"2024-02-09T00:29:28","guid":{"rendered":"https:\/\/www.madblue.es\/?page_id=18313"},"modified":"2025-10-20T13:24:38","modified_gmt":"2025-10-20T13:24:38","slug":"inversores","status":"publish","type":"page","link":"https:\/\/madblue.es\/es\/summit\/inversores\/","title":{"rendered":"INVERSORES"},"content":{"rendered":"","protected":false},"excerpt":{"rendered":"","protected":false},"author":2,"featured_media":0,"parent":11357,"menu_order":34,"comment_status":"closed","ping_status":"closed","template":"","meta":{"_acf_changed":false,"_monsterinsights_skip_tracking":false,"_monsterinsights_sitenote_active":false,"_monsterinsights_sitenote_note":"","_monsterinsights_sitenote_category":0,"_has_post_settings":[],"footnotes":""},"hashtags":[],"class_list":["post-18313","page","type-page","status-publish","hentry"],"acf":[],"yoast_head":"<!-- This site is optimized with the Yoast SEO plugin v27.2 - https:\/\/yoast.com\/product\/yoast-seo-wordpress\/ -->\n<title>INVERSORES - MadBlue<\/title>\n<meta name=\"description\" content=\"MadBlue Summit 2025 ser\u00e1 un punto de encuentro clave para la tecnolog\u00eda, la creatividad, la innovaci\u00f3n y la inversi\u00f3n. Un espacio dise\u00f1ado para que l\u00edderes, empresas e instituciones conecten y generen las nuevas oportunidades de negocio que impulsan el progreso.\" \/>\n<meta name=\"robots\" content=\"index, follow, max-snippet:-1, max-image-preview:large, max-video-preview:-1\" \/>\n<link rel=\"canonical\" href=\"https:\/\/madblue.es\/es\/summit\/inversores\/\" \/>\n<meta property=\"og:locale\" content=\"es_ES\" \/>\n<meta property=\"og:type\" content=\"article\" \/>\n<meta property=\"og:title\" content=\"INVERSORES - MadBlue\" \/>\n<meta property=\"og:description\" content=\"MadBlue Summit 2025 ser\u00e1 un punto de encuentro clave para la tecnolog\u00eda, la creatividad, la innovaci\u00f3n y la inversi\u00f3n. Un espacio dise\u00f1ado para que l\u00edderes, empresas e instituciones conecten y generen las nuevas oportunidades de negocio que impulsan el progreso.\" \/>\n<meta property=\"og:url\" content=\"https:\/\/madblue.es\/es\/summit\/inversores\/\" \/>\n<meta property=\"og:site_name\" content=\"MadBlue\" \/>\n<meta property=\"article:modified_time\" content=\"2025-10-20T13:24:38+00:00\" \/>\n<meta name=\"twitter:card\" content=\"summary_large_image\" \/>\n<script type=\"application\/ld+json\" class=\"yoast-schema-graph\">{\"@context\":\"https:\/\/schema.org\",\"@graph\":[{\"@type\":\"WebPage\",\"@id\":\"https:\/\/madblue.es\/es\/summit\/inversores\/\",\"url\":\"https:\/\/madblue.es\/es\/summit\/inversores\/\",\"name\":\"INVERSORES - MadBlue\",\"isPartOf\":{\"@id\":\"https:\/\/madblue.es\/es\/#website\"},\"datePublished\":\"2024-02-09T00:29:28+00:00\",\"dateModified\":\"2025-10-20T13:24:38+00:00\",\"description\":\"MadBlue Summit 2025 ser\u00e1 un punto de encuentro clave para la tecnolog\u00eda, la creatividad, la innovaci\u00f3n y la inversi\u00f3n. Un espacio dise\u00f1ado para que l\u00edderes, empresas e instituciones conecten y generen las nuevas oportunidades de negocio que impulsan el progreso.\",\"breadcrumb\":{\"@id\":\"https:\/\/madblue.es\/es\/summit\/inversores\/#breadcrumb\"},\"inLanguage\":\"es\",\"potentialAction\":[{\"@type\":\"ReadAction\",\"target\":[\"https:\/\/madblue.es\/es\/summit\/inversores\/\"]}]},{\"@type\":\"BreadcrumbList\",\"@id\":\"https:\/\/madblue.es\/es\/summit\/inversores\/#breadcrumb\",\"itemListElement\":[{\"@type\":\"ListItem\",\"position\":1,\"name\":\"Portada\",\"item\":\"https:\/\/madblue.es\/es\/\"},{\"@type\":\"ListItem\",\"position\":2,\"name\":\"SUMMIT\",\"item\":\"https:\/\/madblue.es\/es\/summit\/\"},{\"@type\":\"ListItem\",\"position\":3,\"name\":\"INVERSORES\"}]},{\"@type\":\"WebSite\",\"@id\":\"https:\/\/madblue.es\/es\/#website\",\"url\":\"https:\/\/madblue.es\/es\/\",\"name\":\"MadBlue\",\"description\":\"\",\"potentialAction\":[{\"@type\":\"SearchAction\",\"target\":{\"@type\":\"EntryPoint\",\"urlTemplate\":\"https:\/\/madblue.es\/es\/?s={search_term_string}\"},\"query-input\":{\"@type\":\"PropertyValueSpecification\",\"valueRequired\":true,\"valueName\":\"search_term_string\"}}],\"inLanguage\":\"es\"}]}<\/script>\n<!-- \/ Yoast SEO plugin. -->","yoast_head_json":{"title":"INVERSORES - MadBlue","description":"MadBlue Summit 2025 ser\u00e1 un punto de encuentro clave para la tecnolog\u00eda, la creatividad, la innovaci\u00f3n y la inversi\u00f3n. Un espacio dise\u00f1ado para que l\u00edderes, empresas e instituciones conecten y generen las nuevas oportunidades de negocio que impulsan el progreso.","robots":{"index":"index","follow":"follow","max-snippet":"max-snippet:-1","max-image-preview":"max-image-preview:large","max-video-preview":"max-video-preview:-1"},"canonical":"https:\/\/madblue.es\/es\/summit\/inversores\/","og_locale":"es_ES","og_type":"article","og_title":"INVERSORES - MadBlue","og_description":"MadBlue Summit 2025 ser\u00e1 un punto de encuentro clave para la tecnolog\u00eda, la creatividad, la innovaci\u00f3n y la inversi\u00f3n. Un espacio dise\u00f1ado para que l\u00edderes, empresas e instituciones conecten y generen las nuevas oportunidades de negocio que impulsan el progreso.","og_url":"https:\/\/madblue.es\/es\/summit\/inversores\/","og_site_name":"MadBlue","article_modified_time":"2025-10-20T13:24:38+00:00","twitter_card":"summary_large_image","schema":{"@context":"https:\/\/schema.org","@graph":[{"@type":"WebPage","@id":"https:\/\/madblue.es\/es\/summit\/inversores\/","url":"https:\/\/madblue.es\/es\/summit\/inversores\/","name":"INVERSORES - MadBlue","isPartOf":{"@id":"https:\/\/madblue.es\/es\/#website"},"datePublished":"2024-02-09T00:29:28+00:00","dateModified":"2025-10-20T13:24:38+00:00","description":"MadBlue Summit 2025 ser\u00e1 un punto de encuentro clave para la tecnolog\u00eda, la creatividad, la innovaci\u00f3n y la inversi\u00f3n. Un espacio dise\u00f1ado para que l\u00edderes, empresas e instituciones conecten y generen las nuevas oportunidades de negocio que impulsan el progreso.","breadcrumb":{"@id":"https:\/\/madblue.es\/es\/summit\/inversores\/#breadcrumb"},"inLanguage":"es","potentialAction":[{"@type":"ReadAction","target":["https:\/\/madblue.es\/es\/summit\/inversores\/"]}]},{"@type":"BreadcrumbList","@id":"https:\/\/madblue.es\/es\/summit\/inversores\/#breadcrumb","itemListElement":[{"@type":"ListItem","position":1,"name":"Portada","item":"https:\/\/madblue.es\/es\/"},{"@type":"ListItem","position":2,"name":"SUMMIT","item":"https:\/\/madblue.es\/es\/summit\/"},{"@type":"ListItem","position":3,"name":"INVERSORES"}]},{"@type":"WebSite","@id":"https:\/\/madblue.es\/es\/#website","url":"https:\/\/madblue.es\/es\/","name":"MadBlue","description":"","potentialAction":[{"@type":"SearchAction","target":{"@type":"EntryPoint","urlTemplate":"https:\/\/madblue.es\/es\/?s={search_term_string}"},"query-input":{"@type":"PropertyValueSpecification","valueRequired":true,"valueName":"search_term_string"}}],"inLanguage":"es"}]}},"_links":{"self":[{"href":"https:\/\/madblue.es\/es\/wp-json\/wp\/v2\/pages\/18313","targetHints":{"allow":["GET"]}}],"collection":[{"href":"https:\/\/madblue.es\/es\/wp-json\/wp\/v2\/pages"}],"about":[{"href":"https:\/\/madblue.es\/es\/wp-json\/wp\/v2\/types\/page"}],"author":[{"embeddable":true,"href":"https:\/\/madblue.es\/es\/wp-json\/wp\/v2\/users\/2"}],"replies":[{"embeddable":true,"href":"https:\/\/madblue.es\/es\/wp-json\/wp\/v2\/comments?post=18313"}],"version-history":[{"count":0,"href":"https:\/\/madblue.es\/es\/wp-json\/wp\/v2\/pages\/18313\/revisions"}],"up":[{"embeddable":true,"href":"https:\/\/madblue.es\/es\/wp-json\/wp\/v2\/pages\/11357"}],"wp:attachment":[{"href":"https:\/\/madblue.es\/es\/wp-json\/wp\/v2\/media?parent=18313"}],"wp:term":[{"taxonomy":"hashtags","embeddable":true,"href":"https:\/\/madblue.es\/es\/wp-json\/wp\/v2\/hashtags?post=18313"}],"curies":[{"name":"wp","href":"https:\/\/api.w.org\/{rel}","templated":true}]}}