{"id":17409,"date":"2023-09-15T11:52:54","date_gmt":"2023-09-15T11:52:54","guid":{"rendered":"https:\/\/www.madblue.es\/?page_id=17409"},"modified":"2025-12-18T08:39:03","modified_gmt":"2025-12-18T08:39:03","slug":"carrera-madblue","status":"publish","type":"page","link":"https:\/\/madblue.es\/es\/carrera-madblue\/","title":{"rendered":"Carrera MadBlue 2025"},"content":{"rendered":"","protected":false},"excerpt":{"rendered":"","protected":false},"author":2,"featured_media":0,"parent":0,"menu_order":20,"comment_status":"closed","ping_status":"closed","template":"","meta":{"_acf_changed":false,"_monsterinsights_skip_tracking":false,"_monsterinsights_sitenote_active":false,"_monsterinsights_sitenote_note":"","_monsterinsights_sitenote_category":0,"_has_post_settings":[],"footnotes":""},"hashtags":[],"class_list":["post-17409","page","type-page","status-publish","hentry"],"acf":[],"yoast_head":"<!-- This site is optimized with the Yoast SEO plugin v27.2 - https:\/\/yoast.com\/product\/yoast-seo-wordpress\/ -->\n<title>Carrera MadBlue 2025 - MadBlue<\/title>\n<meta name=\"description\" content=\"Una carrera popular en octubre en el entorno de la Hispanidad 2025, con distancias de 10 km, 5 km y carrera infantil, dedicada a la promoci\u00f3n de proyectos de preservaci\u00f3n y restauraci\u00f3n de la naturaleza y a la descarbonizaci\u00f3n de la econom\u00eda.\" \/>\n<meta name=\"robots\" content=\"index, follow, max-snippet:-1, max-image-preview:large, max-video-preview:-1\" \/>\n<link rel=\"canonical\" href=\"https:\/\/madblue.es\/es\/carrera-madblue\/\" \/>\n<meta property=\"og:locale\" content=\"es_ES\" \/>\n<meta property=\"og:type\" content=\"article\" \/>\n<meta property=\"og:title\" content=\"Carrera MadBlue 2025 - MadBlue\" \/>\n<meta property=\"og:description\" content=\"Una carrera popular en octubre en el entorno de la Hispanidad 2025, con distancias de 10 km, 5 km y carrera infantil, dedicada a la promoci\u00f3n de proyectos de preservaci\u00f3n y restauraci\u00f3n de la naturaleza y a la descarbonizaci\u00f3n de la econom\u00eda.\" \/>\n<meta property=\"og:url\" content=\"https:\/\/madblue.es\/es\/carrera-madblue\/\" \/>\n<meta property=\"og:site_name\" content=\"MadBlue\" \/>\n<meta property=\"article:modified_time\" content=\"2025-12-18T08:39:03+00:00\" \/>\n<meta name=\"twitter:card\" content=\"summary_large_image\" \/>\n<script type=\"application\/ld+json\" class=\"yoast-schema-graph\">{\"@context\":\"https:\/\/schema.org\",\"@graph\":[{\"@type\":\"WebPage\",\"@id\":\"https:\/\/madblue.es\/es\/carrera-madblue\/\",\"url\":\"https:\/\/madblue.es\/es\/carrera-madblue\/\",\"name\":\"Carrera MadBlue 2025 - MadBlue\",\"isPartOf\":{\"@id\":\"https:\/\/madblue.es\/es\/#website\"},\"datePublished\":\"2023-09-15T11:52:54+00:00\",\"dateModified\":\"2025-12-18T08:39:03+00:00\",\"description\":\"Una carrera popular en octubre en el entorno de la Hispanidad 2025, con distancias de 10 km, 5 km y carrera infantil, dedicada a la promoci\u00f3n de proyectos de preservaci\u00f3n y restauraci\u00f3n de la naturaleza y a la descarbonizaci\u00f3n de la econom\u00eda.\",\"breadcrumb\":{\"@id\":\"https:\/\/madblue.es\/es\/carrera-madblue\/#breadcrumb\"},\"inLanguage\":\"es\",\"potentialAction\":[{\"@type\":\"ReadAction\",\"target\":[\"https:\/\/madblue.es\/es\/carrera-madblue\/\"]}]},{\"@type\":\"BreadcrumbList\",\"@id\":\"https:\/\/madblue.es\/es\/carrera-madblue\/#breadcrumb\",\"itemListElement\":[{\"@type\":\"ListItem\",\"position\":1,\"name\":\"Portada\",\"item\":\"https:\/\/madblue.es\/es\/\"},{\"@type\":\"ListItem\",\"position\":2,\"name\":\"Carrera MadBlue 2025\"}]},{\"@type\":\"WebSite\",\"@id\":\"https:\/\/madblue.es\/es\/#website\",\"url\":\"https:\/\/madblue.es\/es\/\",\"name\":\"MadBlue\",\"description\":\"\",\"potentialAction\":[{\"@type\":\"SearchAction\",\"target\":{\"@type\":\"EntryPoint\",\"urlTemplate\":\"https:\/\/madblue.es\/es\/?s={search_term_string}\"},\"query-input\":{\"@type\":\"PropertyValueSpecification\",\"valueRequired\":true,\"valueName\":\"search_term_string\"}}],\"inLanguage\":\"es\"}]}<\/script>\n<!-- \/ Yoast SEO plugin. -->","yoast_head_json":{"title":"Carrera MadBlue 2025 - MadBlue","description":"Una carrera popular en octubre en el entorno de la Hispanidad 2025, con distancias de 10 km, 5 km y carrera infantil, dedicada a la promoci\u00f3n de proyectos de preservaci\u00f3n y restauraci\u00f3n de la naturaleza y a la descarbonizaci\u00f3n de la econom\u00eda.","robots":{"index":"index","follow":"follow","max-snippet":"max-snippet:-1","max-image-preview":"max-image-preview:large","max-video-preview":"max-video-preview:-1"},"canonical":"https:\/\/madblue.es\/es\/carrera-madblue\/","og_locale":"es_ES","og_type":"article","og_title":"Carrera MadBlue 2025 - MadBlue","og_description":"Una carrera popular en octubre en el entorno de la Hispanidad 2025, con distancias de 10 km, 5 km y carrera infantil, dedicada a la promoci\u00f3n de proyectos de preservaci\u00f3n y restauraci\u00f3n de la naturaleza y a la descarbonizaci\u00f3n de la econom\u00eda.","og_url":"https:\/\/madblue.es\/es\/carrera-madblue\/","og_site_name":"MadBlue","article_modified_time":"2025-12-18T08:39:03+00:00","twitter_card":"summary_large_image","schema":{"@context":"https:\/\/schema.org","@graph":[{"@type":"WebPage","@id":"https:\/\/madblue.es\/es\/carrera-madblue\/","url":"https:\/\/madblue.es\/es\/carrera-madblue\/","name":"Carrera MadBlue 2025 - MadBlue","isPartOf":{"@id":"https:\/\/madblue.es\/es\/#website"},"datePublished":"2023-09-15T11:52:54+00:00","dateModified":"2025-12-18T08:39:03+00:00","description":"Una carrera popular en octubre en el entorno de la Hispanidad 2025, con distancias de 10 km, 5 km y carrera infantil, dedicada a la promoci\u00f3n de proyectos de preservaci\u00f3n y restauraci\u00f3n de la naturaleza y a la descarbonizaci\u00f3n de la econom\u00eda.","breadcrumb":{"@id":"https:\/\/madblue.es\/es\/carrera-madblue\/#breadcrumb"},"inLanguage":"es","potentialAction":[{"@type":"ReadAction","target":["https:\/\/madblue.es\/es\/carrera-madblue\/"]}]},{"@type":"BreadcrumbList","@id":"https:\/\/madblue.es\/es\/carrera-madblue\/#breadcrumb","itemListElement":[{"@type":"ListItem","position":1,"name":"Portada","item":"https:\/\/madblue.es\/es\/"},{"@type":"ListItem","position":2,"name":"Carrera MadBlue 2025"}]},{"@type":"WebSite","@id":"https:\/\/madblue.es\/es\/#website","url":"https:\/\/madblue.es\/es\/","name":"MadBlue","description":"","potentialAction":[{"@type":"SearchAction","target":{"@type":"EntryPoint","urlTemplate":"https:\/\/madblue.es\/es\/?s={search_term_string}"},"query-input":{"@type":"PropertyValueSpecification","valueRequired":true,"valueName":"search_term_string"}}],"inLanguage":"es"}]}},"_links":{"self":[{"href":"https:\/\/madblue.es\/es\/wp-json\/wp\/v2\/pages\/17409","targetHints":{"allow":["GET"]}}],"collection":[{"href":"https:\/\/madblue.es\/es\/wp-json\/wp\/v2\/pages"}],"about":[{"href":"https:\/\/madblue.es\/es\/wp-json\/wp\/v2\/types\/page"}],"author":[{"embeddable":true,"href":"https:\/\/madblue.es\/es\/wp-json\/wp\/v2\/users\/2"}],"replies":[{"embeddable":true,"href":"https:\/\/madblue.es\/es\/wp-json\/wp\/v2\/comments?post=17409"}],"version-history":[{"count":0,"href":"https:\/\/madblue.es\/es\/wp-json\/wp\/v2\/pages\/17409\/revisions"}],"wp:attachment":[{"href":"https:\/\/madblue.es\/es\/wp-json\/wp\/v2\/media?parent=17409"}],"wp:term":[{"taxonomy":"hashtags","embeddable":true,"href":"https:\/\/madblue.es\/es\/wp-json\/wp\/v2\/hashtags?post=17409"}],"curies":[{"name":"wp","href":"https:\/\/api.w.org\/{rel}","templated":true}]}}